{"id":79430,"date":"2024-02-12T14:19:54","date_gmt":"2024-02-12T13:19:54","guid":{"rendered":"https:\/\/digischool.ma\/?page_id=79430"},"modified":"2024-03-15T10:06:41","modified_gmt":"2024-03-15T10:06:41","slug":"1er-bac-biof","status":"publish","type":"page","link":"https:\/\/digischool.ma\/ar\/1er-bac-biof\/","title":{"rendered":"1\u00e8re BAC BIOF"},"content":{"rendered":"<div data-elementor-type=\"wp-page\" data-elementor-id=\"79430\" class=\"elementor elementor-79430\" data-elementor-post-type=\"page\">\n\t\t\t\t\t\t<section class=\"elementor-section elementor-top-section elementor-element elementor-element-5bb08ca9 elementor-section-full_width elementor-section-content-middle elementor-section-height-default elementor-section-height-default\" data-id=\"5bb08ca9\" data-element_type=\"section\">\n\t\t\t\t\t\t<div class=\"elementor-container elementor-column-gap-default\">\n\t\t\t\t\t<div class=\"elementor-column elementor-col-100 elementor-top-column elementor-element elementor-element-3f3fcf9b\" data-id=\"3f3fcf9b\" data-element_type=\"column\">\n\t\t\t<div class=\"elementor-widget-wrap elementor-element-populated\">\n\t\t\t\t\t\t<section class=\"elementor-section elementor-inner-section elementor-element elementor-element-75559a64 elementor-section-boxed elementor-section-height-default elementor-section-height-default\" data-id=\"75559a64\" data-element_type=\"section\">\n\t\t\t\t\t\t<div class=\"elementor-container elementor-column-gap-default\">\n\t\t\t\t\t<div class=\"elementor-column elementor-col-33 elementor-inner-column elementor-element elementor-element-54ee8874\" data-id=\"54ee8874\" data-element_type=\"column\">\n\t\t\t<div class=\"elementor-widget-wrap elementor-element-populated\">\n\t\t\t\t\t\t<div class=\"elementor-element elementor-element-110c5252 elementor-widget-mobile__width-initial ekit-equal-height-disable elementor-widget elementor-widget-elementskit-icon-box\" data-id=\"110c5252\" data-element_type=\"widget\" data-widget_type=\"elementskit-icon-box.default\">\n\t\t\t\t<div class=\"elementor-widget-container\">\n\t\t\t<div class=\"ekit-wid-con\" >        <!-- link opening -->\n                <a href=\"https:\/\/digischool.ma\/ar\/course-category\/lycee\/1ere-bac\/sm\/\" class=\"ekit_global_links\">\n                <!-- end link opening -->\n\n        <div class=\"elementskit-infobox text-center text-left icon-lef-right-aligin elementor-animation- media\">\n                    <div class=\"elementskit-box-header elementor-animation-\">\n                <div class=\"elementskit-info-box-icon  text-center\">\n                    <i aria-hidden=\"true\" class=\"elementkit-infobox-icon tk tk-pencil\"><\/i>\n                <\/div>\n          <\/div>\n                        <div class=\"box-body\">\n                            <h3 class=\"elementskit-info-box-title\">\n                    Sciences Math\u00e9matiques                <\/h3>\n                                            <\/div>\n        \n        \n                <\/div>\n                <\/a>\n        <\/div>\t\t<\/div>\n\t\t\t\t<\/div>\n\t\t\t\t\t<\/div>\n\t\t<\/div>\n\t\t\t\t<div class=\"elementor-column elementor-col-33 elementor-inner-column elementor-element elementor-element-58f800c8\" data-id=\"58f800c8\" data-element_type=\"column\">\n\t\t\t<div class=\"elementor-widget-wrap elementor-element-populated\">\n\t\t\t\t\t\t<div class=\"elementor-element elementor-element-15811665 elementor-widget-mobile__width-initial ekit-equal-height-disable elementor-widget elementor-widget-elementskit-icon-box\" data-id=\"15811665\" data-element_type=\"widget\" data-widget_type=\"elementskit-icon-box.default\">\n\t\t\t\t<div class=\"elementor-widget-container\">\n\t\t\t<div class=\"ekit-wid-con\" >        <!-- link opening -->\n                <a href=\"https:\/\/digischool.ma\/ar\/course-category\/lycee\/1ere-bac\/sciences-exp\/\" class=\"ekit_global_links\">\n                <!-- end link opening -->\n\n        <div class=\"elementskit-infobox text-center text-left icon-lef-right-aligin elementor-animation- media\">\n                    <div class=\"elementskit-box-header elementor-animation-\">\n                <div class=\"elementskit-info-box-icon  text-center\">\n                    <i aria-hidden=\"true\" class=\"elementkit-infobox-icon icon icon-atomic\"><\/i>\n                <\/div>\n          <\/div>\n                        <div class=\"box-body\">\n                            <h3 class=\"elementskit-info-box-title\">\n                    Sciences Exp\u00e9rimentales                <\/h3>\n                                            <\/div>\n        \n        \n                <\/div>\n                <\/a>\n        <\/div>\t\t<\/div>\n\t\t\t\t<\/div>\n\t\t\t\t\t<\/div>\n\t\t<\/div>\n\t\t\t\t<div class=\"elementor-column elementor-col-33 elementor-inner-column elementor-element elementor-element-3e499f3c\" data-id=\"3e499f3c\" data-element_type=\"column\">\n\t\t\t<div class=\"elementor-widget-wrap elementor-element-populated\">\n\t\t\t\t\t\t<div class=\"elementor-element elementor-element-7eddfd2d elementor-widget-tablet__width-initial elementor-widget-mobile__width-initial ekit-equal-height-disable elementor-widget elementor-widget-elementskit-icon-box\" data-id=\"7eddfd2d\" data-element_type=\"widget\" data-widget_type=\"elementskit-icon-box.default\">\n\t\t\t\t<div class=\"elementor-widget-container\">\n\t\t\t<div class=\"ekit-wid-con\" >        <!-- link opening -->\n                <a href=\"https:\/\/digischool.ma\/ar\/course-category\/lycee\/1ere-bac\/seg\/\" class=\"ekit_global_links\">\n                <!-- end link opening -->\n\n        <div class=\"elementskit-infobox text-center text-left icon-lef-right-aligin elementor-animation- media\">\n                    <div class=\"elementskit-box-header elementor-animation-\">\n                <div class=\"elementskit-info-box-icon  text-center\">\n                    <i aria-hidden=\"true\" class=\"elementkit-infobox-icon icon icon-pencil_art\"><\/i>\n                <\/div>\n          <\/div>\n                        <div class=\"box-body\">\n                            <h2 class=\"elementskit-info-box-title\">\n                    Sciences \u00c9co et Gestion                <\/h2>\n                                            <\/div>\n        \n        \n                <\/div>\n                <\/a>\n        <\/div>\t\t<\/div>\n\t\t\t\t<\/div>\n\t\t\t\t\t<\/div>\n\t\t<\/div>\n\t\t\t\t\t<\/div>\n\t\t<\/section>\n\t\t\t\t<section class=\"elementor-section elementor-inner-section elementor-element elementor-element-2e8dcdfd elementor-section-boxed elementor-section-height-default elementor-section-height-default\" data-id=\"2e8dcdfd\" data-element_type=\"section\">\n\t\t\t\t\t\t<div class=\"elementor-container elementor-column-gap-default\">\n\t\t\t\t\t<div class=\"elementor-column elementor-col-50 elementor-inner-column elementor-element elementor-element-bcb22aa\" data-id=\"bcb22aa\" data-element_type=\"column\">\n\t\t\t<div class=\"elementor-widget-wrap elementor-element-populated\">\n\t\t\t\t\t\t<div class=\"elementor-element elementor-element-5ba5574c elementor-widget-mobile__width-initial ekit-equal-height-disable elementor-widget elementor-widget-elementskit-icon-box\" data-id=\"5ba5574c\" data-element_type=\"widget\" data-widget_type=\"elementskit-icon-box.default\">\n\t\t\t\t<div class=\"elementor-widget-container\">\n\t\t\t<div class=\"ekit-wid-con\" >        <!-- link opening -->\n                <a href=\"https:\/\/digischool.ma\/ar\/course-category\/lycee\/1ere-bac\/ste\/\" class=\"ekit_global_links\">\n                <!-- end link opening -->\n\n        <div class=\"elementskit-infobox text-center text-left icon-lef-right-aligin elementor-animation- media\">\n                    <div class=\"elementskit-box-header elementor-animation-\">\n                <div class=\"elementskit-info-box-icon  text-center\">\n                    <i aria-hidden=\"true\" class=\"elementkit-infobox-icon icon icon-flash-1\"><\/i>\n                <\/div>\n          <\/div>\n                        <div class=\"box-body\">\n                            <h3 class=\"elementskit-info-box-title\">\n                    \u0627\u0644\u0639\u0644\u0648\u0645 \u0648 \u0627\u0644\u062a\u0643\u0646\u0648\u0644\u0648\u062c\u064a\u0627\u062a \u0627\u0644\u0643\u0647\u0631\u0628\u0627\u0626\u064a\u0629                <\/h3>\n                                            <\/div>\n        \n        \n                <\/div>\n                <\/a>\n        <\/div>\t\t<\/div>\n\t\t\t\t<\/div>\n\t\t\t\t\t<\/div>\n\t\t<\/div>\n\t\t\t\t<div class=\"elementor-column elementor-col-50 elementor-inner-column elementor-element elementor-element-3a7364fd\" data-id=\"3a7364fd\" data-element_type=\"column\">\n\t\t\t<div class=\"elementor-widget-wrap elementor-element-populated\">\n\t\t\t\t\t\t<div class=\"elementor-element elementor-element-75cc3041 elementor-widget-mobile__width-initial elementor-widget__width-initial elementor-widget-tablet__width-initial ekit-equal-height-disable elementor-widget elementor-widget-elementskit-icon-box\" data-id=\"75cc3041\" data-element_type=\"widget\" data-widget_type=\"elementskit-icon-box.default\">\n\t\t\t\t<div class=\"elementor-widget-container\">\n\t\t\t<div class=\"ekit-wid-con\" >        <!-- link opening -->\n                <a href=\"https:\/\/digischool.ma\/ar\/course-category\/lycee\/1ere-bac\/stm\/\" class=\"ekit_global_links\">\n                <!-- end link opening -->\n\n        <div class=\"elementskit-infobox text-center text-left icon-lef-right-aligin elementor-animation- media\">\n                    <div class=\"elementskit-box-header elementor-animation-\">\n                <div class=\"elementskit-info-box-icon  text-center\">\n                    <i aria-hidden=\"true\" class=\"elementkit-infobox-icon icon icon-cogwheel\"><\/i>\n                <\/div>\n          <\/div>\n                        <div class=\"box-body\">\n                            <h3 class=\"elementskit-info-box-title\">\n                    \u0627\u0644\u0639\u0644\u0648\u0645 \u0648\u0627\u0644\u062a\u0643\u0646\u0648\u0644\u0648\u062c\u064a\u0627\u062a \u0627\u0644\u0645\u064a\u0643\u0627\u0646\u064a\u0643\u064a\u0629                <\/h3>\n                                            <\/div>\n        \n        \n                <\/div>\n                <\/a>\n        <\/div>\t\t<\/div>\n\t\t\t\t<\/div>\n\t\t\t\t\t<\/div>\n\t\t<\/div>\n\t\t\t\t\t<\/div>\n\t\t<\/section>\n\t\t\t\t\t<\/div>\n\t\t<\/div>\n\t\t\t\t\t<\/div>\n\t\t<\/section>\n\t\t\t\t<\/div>","protected":false},"excerpt":{"rendered":"<p>Sciences Math\u00e9matiques Sciences Exp\u00e9rimentales Sciences \u00c9co et Gestion Sciences et Technologies \u00c9lectriques Sciences et Technologies M\u00e9caniques<\/p>","protected":false},"author":17,"featured_media":81887,"parent":0,"menu_order":0,"comment_status":"closed","ping_status":"closed","template":"","meta":{"footnotes":""},"yoast_head":"<!-- This site is optimized with the Yoast SEO Premium plugin v22.0 (Yoast SEO v22.6) - https:\/\/yoast.com\/wordpress\/plugins\/seo\/ -->\n<title>1\u00e8re BAC BIOF - DigiSchool<\/title>\n<meta name=\"description\" content=\"Tous les cours de toutes les mati\u00e8res de la 1er-bac-biof en PDF et Vid\u00e9o avec exercices et annales corrig\u00e9s. Acc\u00e8s totalement gratuit\" \/>\n<meta name=\"robots\" content=\"index, follow, max-snippet:-1, max-image-preview:large, max-video-preview:-1\" \/>\n<link rel=\"canonical\" href=\"https:\/\/digischool.ma\/ar\/1er-bac-biof\/\" \/>\n<meta property=\"og:locale\" content=\"ar_AR\" \/>\n<meta property=\"og:type\" content=\"article\" \/>\n<meta property=\"og:title\" content=\"1\u00e8re BAC BIOF DigiSchool\" \/>\n<meta property=\"og:description\" content=\"1\u00e8re BAC BIOF - DigiSchool\" \/>\n<meta property=\"og:url\" content=\"https:\/\/digischool.ma\/ar\/1er-bac-biof\/\" \/>\n<meta property=\"og:site_name\" content=\"DigiSchool\" \/>\n<meta property=\"article:modified_time\" content=\"2024-03-15T10:06:41+00:00\" \/>\n<meta property=\"og:image\" content=\"https:\/\/digischool.ma\/wp-content\/uploads\/2024\/02\/digischool2.png\" \/>\n\t<meta property=\"og:image:width\" content=\"1404\" \/>\n\t<meta property=\"og:image:height\" content=\"733\" \/>\n\t<meta property=\"og:image:type\" content=\"image\/png\" \/>\n<meta name=\"twitter:card\" content=\"summary_large_image\" \/>\n<meta name=\"twitter:label1\" content=\"Est. reading time\" \/>\n\t<meta name=\"twitter:data1\" content=\"1 minute\" \/>\n<script type=\"application\/ld+json\" class=\"yoast-schema-graph\">{\"@context\":\"https:\/\/schema.org\",\"@graph\":[{\"@type\":\"WebPage\",\"@id\":\"https:\/\/digischool.ma\/1er-bac-biof\/\",\"url\":\"https:\/\/digischool.ma\/1er-bac-biof\/\",\"name\":\"1\u00e8re BAC BIOF - DigiSchool\",\"isPartOf\":{\"@id\":\"https:\/\/digischool.ma\/#website\"},\"primaryImageOfPage\":{\"@id\":\"https:\/\/digischool.ma\/1er-bac-biof\/#primaryimage\"},\"image\":{\"@id\":\"https:\/\/digischool.ma\/1er-bac-biof\/#primaryimage\"},\"thumbnailUrl\":\"https:\/\/digischool.ma\/wp-content\/uploads\/2024\/02\/digischool2.png\",\"datePublished\":\"2024-02-12T13:19:54+00:00\",\"dateModified\":\"2024-03-15T10:06:41+00:00\",\"description\":\"Tous les cours de toutes les mati\u00e8res de la 1er-bac-biof en PDF et Vid\u00e9o avec exercices et annales corrig\u00e9s. Acc\u00e8s totalement gratuit\",\"breadcrumb\":{\"@id\":\"https:\/\/digischool.ma\/1er-bac-biof\/#breadcrumb\"},\"inLanguage\":\"ary\",\"potentialAction\":[{\"@type\":\"ReadAction\",\"target\":[\"https:\/\/digischool.ma\/1er-bac-biof\/\"]}]},{\"@type\":\"ImageObject\",\"inLanguage\":\"ary\",\"@id\":\"https:\/\/digischool.ma\/1er-bac-biof\/#primaryimage\",\"url\":\"https:\/\/digischool.ma\/wp-content\/uploads\/2024\/02\/digischool2.png\",\"contentUrl\":\"https:\/\/digischool.ma\/wp-content\/uploads\/2024\/02\/digischool2.png\",\"width\":1404,\"height\":733,\"caption\":\"digischool Une banque compl\u00e8te de documents en PDFs et Vid\u00e9os qui couvrent tout le programme scolaire marocain du primaire au lyc\u00e9e-digischool.ma contact-blog\"},{\"@type\":\"BreadcrumbList\",\"@id\":\"https:\/\/digischool.ma\/1er-bac-biof\/#breadcrumb\",\"itemListElement\":[{\"@type\":\"ListItem\",\"position\":1,\"name\":\"Accueil\",\"item\":\"https:\/\/digischool.ma\/\"},{\"@type\":\"ListItem\",\"position\":2,\"name\":\"Tous les cours 1\u00e8re ann\u00e9e bac biof\"}]},{\"@type\":\"WebSite\",\"@id\":\"https:\/\/digischool.ma\/#website\",\"url\":\"https:\/\/digischool.ma\/\",\"name\":\"DigiSchool\",\"description\":\"Votre \u00e9cole num\u00e9rique en ligne\",\"publisher\":{\"@id\":\"https:\/\/digischool.ma\/#organization\"},\"alternateName\":\"DigiSchool.ma\",\"potentialAction\":[{\"@type\":\"SearchAction\",\"target\":{\"@type\":\"EntryPoint\",\"urlTemplate\":\"https:\/\/digischool.ma\/?s={search_term_string}\"},\"query-input\":\"required name=search_term_string\"}],\"inLanguage\":\"ary\"},{\"@type\":\"Organization\",\"@id\":\"https:\/\/digischool.ma\/#organization\",\"name\":\"Openschool\",\"alternateName\":\"\u00e9cole en ligne\",\"url\":\"https:\/\/digischool.ma\/\",\"logo\":{\"@type\":\"ImageObject\",\"inLanguage\":\"ary\",\"@id\":\"https:\/\/digischool.ma\/#\/schema\/logo\/image\/\",\"url\":\"https:\/\/digischool.ma\/wp-content\/uploads\/2024\/04\/logo_1_plateforme_digischool_ma_maroc_2024_2030_2050_logo_cours_top.png\",\"contentUrl\":\"https:\/\/digischool.ma\/wp-content\/uploads\/2024\/04\/logo_1_plateforme_digischool_ma_maroc_2024_2030_2050_logo_cours_top.png\",\"width\":512,\"height\":512,\"caption\":\"Openschool\"},\"image\":{\"@id\":\"https:\/\/digischool.ma\/#\/schema\/logo\/image\/\"},\"description\":\"Plateforme de Soutien P\u00e9dagogique: DigiSchool se positionne en tant que plateforme d\u00e9di\u00e9e au soutien \u00e9ducatif pour les \u00e9l\u00e8ves du primaire, coll\u00e8ge et lyc\u00e9e. Le contenus p\u00e9dagogiques est soigneusement \u00e9labor\u00e9e pour respecter les programmes officiels en vigueur. Chaque mati\u00e8re est d\u00e9cortiqu\u00e9es sous formats de chapitres aux quels est affect\u00e9 des support de diff\u00e9rents formats. Nos ressources comprennent des cours approfondis, des exercices corrig\u00e9s et des examens, assurant une couverture compl\u00e8te de toutes les mati\u00e8res.\",\"email\":\"contact@digischool.ma\",\"legalName\":\"OPENSCHOOL\",\"foundingDate\":\"2021-09-01\",\"publishingPrinciples\":\"https:\/\/digischool.ma\/politique-de-confidentialite\/\"}]}<\/script>\n<!-- \/ Yoast SEO Premium plugin. -->","yoast_head_json":{"title":"1\u00e8re BAC BIOF - DigiSchool","description":"Tous les cours de toutes les mati\u00e8res de la 1er-bac-biof en PDF et Vid\u00e9o avec exercices et annales corrig\u00e9s. Acc\u00e8s totalement gratuit","robots":{"index":"index","follow":"follow","max-snippet":"max-snippet:-1","max-image-preview":"max-image-preview:large","max-video-preview":"max-video-preview:-1"},"canonical":"https:\/\/digischool.ma\/ar\/1er-bac-biof\/","og_locale":"ar_AR","og_type":"article","og_title":"1\u00e8re BAC BIOF DigiSchool","og_description":"1\u00e8re BAC BIOF - DigiSchool","og_url":"https:\/\/digischool.ma\/ar\/1er-bac-biof\/","og_site_name":"DigiSchool","article_modified_time":"2024-03-15T10:06:41+00:00","og_image":[{"width":1404,"height":733,"url":"https:\/\/digischool.ma\/wp-content\/uploads\/2024\/02\/digischool2.png","type":"image\/png"}],"twitter_card":"summary_large_image","twitter_misc":{"Est. reading time":"1 minute"},"schema":{"@context":"https:\/\/schema.org","@graph":[{"@type":"WebPage","@id":"https:\/\/digischool.ma\/1er-bac-biof\/","url":"https:\/\/digischool.ma\/1er-bac-biof\/","name":"1\u00e8re BAC BIOF - DigiSchool","isPartOf":{"@id":"https:\/\/digischool.ma\/#website"},"primaryImageOfPage":{"@id":"https:\/\/digischool.ma\/1er-bac-biof\/#primaryimage"},"image":{"@id":"https:\/\/digischool.ma\/1er-bac-biof\/#primaryimage"},"thumbnailUrl":"https:\/\/digischool.ma\/wp-content\/uploads\/2024\/02\/digischool2.png","datePublished":"2024-02-12T13:19:54+00:00","dateModified":"2024-03-15T10:06:41+00:00","description":"Tous les cours de toutes les mati\u00e8res de la 1er-bac-biof en PDF et Vid\u00e9o avec exercices et annales corrig\u00e9s. Acc\u00e8s totalement gratuit","breadcrumb":{"@id":"https:\/\/digischool.ma\/1er-bac-biof\/#breadcrumb"},"inLanguage":"ary","potentialAction":[{"@type":"ReadAction","target":["https:\/\/digischool.ma\/1er-bac-biof\/"]}]},{"@type":"ImageObject","inLanguage":"ary","@id":"https:\/\/digischool.ma\/1er-bac-biof\/#primaryimage","url":"https:\/\/digischool.ma\/wp-content\/uploads\/2024\/02\/digischool2.png","contentUrl":"https:\/\/digischool.ma\/wp-content\/uploads\/2024\/02\/digischool2.png","width":1404,"height":733,"caption":"digischool Une banque compl\u00e8te de documents en PDFs et Vid\u00e9os qui couvrent tout le programme scolaire marocain du primaire au lyc\u00e9e-digischool.ma contact-blog"},{"@type":"BreadcrumbList","@id":"https:\/\/digischool.ma\/1er-bac-biof\/#breadcrumb","itemListElement":[{"@type":"ListItem","position":1,"name":"Accueil","item":"https:\/\/digischool.ma\/"},{"@type":"ListItem","position":2,"name":"Tous les cours 1\u00e8re ann\u00e9e bac biof"}]},{"@type":"WebSite","@id":"https:\/\/digischool.ma\/#website","url":"https:\/\/digischool.ma\/","name":"DigiSchool","description":"Votre \u00e9cole num\u00e9rique en ligne","publisher":{"@id":"https:\/\/digischool.ma\/#organization"},"alternateName":"DigiSchool.ma","potentialAction":[{"@type":"SearchAction","target":{"@type":"EntryPoint","urlTemplate":"https:\/\/digischool.ma\/?s={search_term_string}"},"query-input":"required name=search_term_string"}],"inLanguage":"ary"},{"@type":"Organization","@id":"https:\/\/digischool.ma\/#organization","name":"Openschool","alternateName":"\u00e9cole en ligne","url":"https:\/\/digischool.ma\/","logo":{"@type":"ImageObject","inLanguage":"ary","@id":"https:\/\/digischool.ma\/#\/schema\/logo\/image\/","url":"https:\/\/digischool.ma\/wp-content\/uploads\/2024\/04\/logo_1_plateforme_digischool_ma_maroc_2024_2030_2050_logo_cours_top.png","contentUrl":"https:\/\/digischool.ma\/wp-content\/uploads\/2024\/04\/logo_1_plateforme_digischool_ma_maroc_2024_2030_2050_logo_cours_top.png","width":512,"height":512,"caption":"Openschool"},"image":{"@id":"https:\/\/digischool.ma\/#\/schema\/logo\/image\/"},"description":"Plateforme de Soutien P\u00e9dagogique: DigiSchool se positionne en tant que plateforme d\u00e9di\u00e9e au soutien \u00e9ducatif pour les \u00e9l\u00e8ves du primaire, coll\u00e8ge et lyc\u00e9e. Le contenus p\u00e9dagogiques est soigneusement \u00e9labor\u00e9e pour respecter les programmes officiels en vigueur. Chaque mati\u00e8re est d\u00e9cortiqu\u00e9es sous formats de chapitres aux quels est affect\u00e9 des support de diff\u00e9rents formats. Nos ressources comprennent des cours approfondis, des exercices corrig\u00e9s et des examens, assurant une couverture compl\u00e8te de toutes les mati\u00e8res.","email":"contact@digischool.ma","legalName":"OPENSCHOOL","foundingDate":"2021-09-01","publishingPrinciples":"https:\/\/digischool.ma\/politique-de-confidentialite\/"}]}},"_links":{"self":[{"href":"https:\/\/digischool.ma\/ar\/wp-json\/wp\/v2\/pages\/79430"}],"collection":[{"href":"https:\/\/digischool.ma\/ar\/wp-json\/wp\/v2\/pages"}],"about":[{"href":"https:\/\/digischool.ma\/ar\/wp-json\/wp\/v2\/types\/page"}],"author":[{"embeddable":true,"href":"https:\/\/digischool.ma\/ar\/wp-json\/wp\/v2\/users\/17"}],"replies":[{"embeddable":true,"href":"https:\/\/digischool.ma\/ar\/wp-json\/wp\/v2\/comments?post=79430"}],"version-history":[{"count":0,"href":"https:\/\/digischool.ma\/ar\/wp-json\/wp\/v2\/pages\/79430\/revisions"}],"wp:featuredmedia":[{"embeddable":true,"href":"https:\/\/digischool.ma\/ar\/wp-json\/wp\/v2\/media\/81887"}],"wp:attachment":[{"href":"https:\/\/digischool.ma\/ar\/wp-json\/wp\/v2\/media?parent=79430"}],"curies":[{"name":"wp","href":"https:\/\/api.w.org\/{rel}","templated":true}]}}